{"id":12602,"date":"2025-04-23T10:32:24","date_gmt":"2025-04-23T08:32:24","guid":{"rendered":"https:\/\/brautmaedchen.at\/Brautmode\/?page_id=12602"},"modified":"2025-05-01T10:13:02","modified_gmt":"2025-05-01T08:13:02","slug":"das-bin-ich","status":"publish","type":"page","link":"https:\/\/www.brautmaedchen.at\/Brautmode\/das-bin-ich\/","title":{"rendered":"Das bin ich &#8230;"},"content":{"rendered":"<table style=\"height: 538px; width: 91.8788%; border-collapse: collapse; border-color: #ffffff; background-color: #ffffff; border-style: double;\">\n<tbody>\n<tr>\n<td style=\"width: 58.951%;\"><span style=\"color: #9cae92;\"><strong><span style=\"font-family: georgia, palatino, serif; font-size: 14pt;\">DAS BRAUTM\u00c4DCHEN<\/span><\/strong><\/span><\/p>\n<p><span style=\"font-family: helvetica, arial, sans-serif;\">Name: Alexandra alias Sandra Ott<\/span><\/p>\n<p><span style=\"font-family: helvetica, arial, sans-serif;\">Geboren: 1976 in Nieder\u00f6sterreich<\/span><\/p>\n<p><span style=\"font-family: helvetica, arial, sans-serif;\">Sternzeichen: Krebs<\/span><\/p>\n<p><span style=\"font-family: helvetica, arial, sans-serif;\">Vom B\u00fcromenschen zum Brautm\u00e4dchen, wer h\u00e4tte das gedacht? Durch einen Zufall \u00fcbernahm ich im Mai 2025 das Atelier Brautm\u00e4dchen in Neulengbach und es konnte mir nichts Besseres passieren. Meine Leidenschaft zur Kreativit\u00e4t, zum Handarbeiten und zu Basteleien kann ich nun in vollen Z\u00fcgen ausleben. Meine jahrelange Erfahrung als Eventplanerin in der Gastronomie in fr\u00fcheren Zeiten geben mir das Know How in der Hochzeitsplanung. Aber ich bin auch ein Familienmensch, habe 3 wundervolle S\u00f6hne und bin bereits stolze Oma. Ich bin ein waschechtes Naturm\u00e4dl, ob in den Bergen, im Wald oder am Meer, ich finde immer eine &#8222;Wanderroute&#8220; f\u00fcr mich &#8211; so tanke ich wieder Kraft und Energie.<\/span><\/td>\n<td style=\"width: 47.063%;\"><img fetchpriority=\"high\" decoding=\"async\" class=\"aligncenter wp-image-12700\" src=\"https:\/\/brautmaedchen.at\/Brautmode\/wp-content\/uploads\/2025\/04\/DSC02858-scaled.jpg\" alt=\"\" width=\"317\" height=\"477\" srcset=\"https:\/\/www.brautmaedchen.at\/Brautmode\/wp-content\/uploads\/2025\/04\/DSC02858-scaled.jpg 1701w, https:\/\/www.brautmaedchen.at\/Brautmode\/wp-content\/uploads\/2025\/04\/DSC02858-199x300.jpg 199w, https:\/\/www.brautmaedchen.at\/Brautmode\/wp-content\/uploads\/2025\/04\/DSC02858-680x1024.jpg 680w, https:\/\/www.brautmaedchen.at\/Brautmode\/wp-content\/uploads\/2025\/04\/DSC02858-768x1156.jpg 768w, https:\/\/www.brautmaedchen.at\/Brautmode\/wp-content\/uploads\/2025\/04\/DSC02858-1021x1536.jpg 1021w, https:\/\/www.brautmaedchen.at\/Brautmode\/wp-content\/uploads\/2025\/04\/DSC02858-1361x2048.jpg 1361w\" sizes=\"(max-width: 317px) 100vw, 317px\" \/><\/td>\n<\/tr>\n<\/tbody>\n<\/table>\n","protected":false},"excerpt":{"rendered":"<p>DAS BRAUTM\u00c4DCHEN Name: Alexandra alias Sandra<\/p>\n","protected":false},"author":1,"featured_media":0,"parent":0,"menu_order":0,"comment_status":"closed","ping_status":"closed","template":"","meta":{"footnotes":""},"class_list":["post-12602","page","type-page","status-publish"],"yoast_head":"<!-- This site is optimized with the Yoast SEO plugin v27.5 - https:\/\/yoast.com\/product\/yoast-seo-wordpress\/ -->\n<title>Das bin ich ... - Brautmaedchen<\/title>\n<meta name=\"robots\" content=\"index, follow, max-snippet:-1, max-image-preview:large, max-video-preview:-1\" \/>\n<link rel=\"canonical\" href=\"https:\/\/www.brautmaedchen.at\/Brautmode\/das-bin-ich\/\" \/>\n<meta property=\"og:locale\" content=\"de_DE\" \/>\n<meta property=\"og:type\" content=\"article\" \/>\n<meta property=\"og:title\" content=\"Das bin ich ... - Brautmaedchen\" \/>\n<meta property=\"og:description\" content=\"DAS BRAUTM\u00c4DCHEN Name: Alexandra alias Sandra\" \/>\n<meta property=\"og:url\" content=\"https:\/\/www.brautmaedchen.at\/Brautmode\/das-bin-ich\/\" \/>\n<meta property=\"og:site_name\" content=\"Brautmaedchen\" \/>\n<meta property=\"article:modified_time\" content=\"2025-05-01T08:13:02+00:00\" \/>\n<meta property=\"og:image\" content=\"https:\/\/brautmaedchen.at\/Brautmode\/wp-content\/uploads\/2025\/04\/DSC02858-scaled.jpg\" \/>\n<meta name=\"twitter:card\" content=\"summary_large_image\" \/>\n<meta name=\"twitter:label1\" content=\"Gesch\u00e4tzte Lesezeit\" \/>\n\t<meta name=\"twitter:data1\" content=\"1 Minute\" \/>\n<script type=\"application\/ld+json\" class=\"yoast-schema-graph\">{\"@context\":\"https:\\\/\\\/schema.org\",\"@graph\":[{\"@type\":\"WebPage\",\"@id\":\"https:\\\/\\\/www.brautmaedchen.at\\\/Brautmode\\\/das-bin-ich\\\/\",\"url\":\"https:\\\/\\\/www.brautmaedchen.at\\\/Brautmode\\\/das-bin-ich\\\/\",\"name\":\"Das bin ich ... - Brautmaedchen\",\"isPartOf\":{\"@id\":\"https:\\\/\\\/www.brautmaedchen.at\\\/Brautmode\\\/#website\"},\"primaryImageOfPage\":{\"@id\":\"https:\\\/\\\/www.brautmaedchen.at\\\/Brautmode\\\/das-bin-ich\\\/#primaryimage\"},\"image\":{\"@id\":\"https:\\\/\\\/www.brautmaedchen.at\\\/Brautmode\\\/das-bin-ich\\\/#primaryimage\"},\"thumbnailUrl\":\"https:\\\/\\\/brautmaedchen.at\\\/Brautmode\\\/wp-content\\\/uploads\\\/2025\\\/04\\\/DSC02858-scaled.jpg\",\"datePublished\":\"2025-04-23T08:32:24+00:00\",\"dateModified\":\"2025-05-01T08:13:02+00:00\",\"breadcrumb\":{\"@id\":\"https:\\\/\\\/www.brautmaedchen.at\\\/Brautmode\\\/das-bin-ich\\\/#breadcrumb\"},\"inLanguage\":\"de-AT\",\"potentialAction\":[{\"@type\":\"ReadAction\",\"target\":[\"https:\\\/\\\/www.brautmaedchen.at\\\/Brautmode\\\/das-bin-ich\\\/\"]}]},{\"@type\":\"ImageObject\",\"inLanguage\":\"de-AT\",\"@id\":\"https:\\\/\\\/www.brautmaedchen.at\\\/Brautmode\\\/das-bin-ich\\\/#primaryimage\",\"url\":\"https:\\\/\\\/brautmaedchen.at\\\/Brautmode\\\/wp-content\\\/uploads\\\/2025\\\/04\\\/DSC02858-scaled.jpg\",\"contentUrl\":\"https:\\\/\\\/brautmaedchen.at\\\/Brautmode\\\/wp-content\\\/uploads\\\/2025\\\/04\\\/DSC02858-scaled.jpg\"},{\"@type\":\"BreadcrumbList\",\"@id\":\"https:\\\/\\\/www.brautmaedchen.at\\\/Brautmode\\\/das-bin-ich\\\/#breadcrumb\",\"itemListElement\":[{\"@type\":\"ListItem\",\"position\":1,\"name\":\"Startseite\",\"item\":\"https:\\\/\\\/www.brautmaedchen.at\\\/Brautmode\\\/\"},{\"@type\":\"ListItem\",\"position\":2,\"name\":\"Das bin ich &#8230;\"}]},{\"@type\":\"WebSite\",\"@id\":\"https:\\\/\\\/www.brautmaedchen.at\\\/Brautmode\\\/#website\",\"url\":\"https:\\\/\\\/www.brautmaedchen.at\\\/Brautmode\\\/\",\"name\":\"Brautmaedchen\",\"description\":\"Hochzeitskleider, Brautkleider, Brautmode &amp; Hochzeitsplanung\",\"publisher\":{\"@id\":\"https:\\\/\\\/www.brautmaedchen.at\\\/Brautmode\\\/#organization\"},\"potentialAction\":[{\"@type\":\"SearchAction\",\"target\":{\"@type\":\"EntryPoint\",\"urlTemplate\":\"https:\\\/\\\/www.brautmaedchen.at\\\/Brautmode\\\/?s={search_term_string}\"},\"query-input\":{\"@type\":\"PropertyValueSpecification\",\"valueRequired\":true,\"valueName\":\"search_term_string\"}}],\"inLanguage\":\"de-AT\"},{\"@type\":\"Organization\",\"@id\":\"https:\\\/\\\/www.brautmaedchen.at\\\/Brautmode\\\/#organization\",\"name\":\"Brautmaedchen\",\"url\":\"https:\\\/\\\/www.brautmaedchen.at\\\/Brautmode\\\/\",\"logo\":{\"@type\":\"ImageObject\",\"inLanguage\":\"de-AT\",\"@id\":\"https:\\\/\\\/www.brautmaedchen.at\\\/Brautmode\\\/#\\\/schema\\\/logo\\\/image\\\/\",\"url\":\"https:\\\/\\\/www.brautmaedchen.at\\\/Brautmode\\\/wp-content\\\/uploads\\\/2025\\\/04\\\/Logo_grau_neu_ohne_untertitel_vektor-scaled.png\",\"contentUrl\":\"https:\\\/\\\/www.brautmaedchen.at\\\/Brautmode\\\/wp-content\\\/uploads\\\/2025\\\/04\\\/Logo_grau_neu_ohne_untertitel_vektor-scaled.png\",\"width\":2560,\"height\":591,\"caption\":\"Brautmaedchen\"},\"image\":{\"@id\":\"https:\\\/\\\/www.brautmaedchen.at\\\/Brautmode\\\/#\\\/schema\\\/logo\\\/image\\\/\"}}]}<\/script>\n<!-- \/ Yoast SEO plugin. -->","yoast_head_json":{"title":"Das bin ich ... - Brautmaedchen","robots":{"index":"index","follow":"follow","max-snippet":"max-snippet:-1","max-image-preview":"max-image-preview:large","max-video-preview":"max-video-preview:-1"},"canonical":"https:\/\/www.brautmaedchen.at\/Brautmode\/das-bin-ich\/","og_locale":"de_DE","og_type":"article","og_title":"Das bin ich ... - Brautmaedchen","og_description":"DAS BRAUTM\u00c4DCHEN Name: Alexandra alias Sandra","og_url":"https:\/\/www.brautmaedchen.at\/Brautmode\/das-bin-ich\/","og_site_name":"Brautmaedchen","article_modified_time":"2025-05-01T08:13:02+00:00","og_image":[{"url":"https:\/\/brautmaedchen.at\/Brautmode\/wp-content\/uploads\/2025\/04\/DSC02858-scaled.jpg","type":"","width":"","height":""}],"twitter_card":"summary_large_image","twitter_misc":{"Gesch\u00e4tzte Lesezeit":"1 Minute"},"schema":{"@context":"https:\/\/schema.org","@graph":[{"@type":"WebPage","@id":"https:\/\/www.brautmaedchen.at\/Brautmode\/das-bin-ich\/","url":"https:\/\/www.brautmaedchen.at\/Brautmode\/das-bin-ich\/","name":"Das bin ich ... - Brautmaedchen","isPartOf":{"@id":"https:\/\/www.brautmaedchen.at\/Brautmode\/#website"},"primaryImageOfPage":{"@id":"https:\/\/www.brautmaedchen.at\/Brautmode\/das-bin-ich\/#primaryimage"},"image":{"@id":"https:\/\/www.brautmaedchen.at\/Brautmode\/das-bin-ich\/#primaryimage"},"thumbnailUrl":"https:\/\/brautmaedchen.at\/Brautmode\/wp-content\/uploads\/2025\/04\/DSC02858-scaled.jpg","datePublished":"2025-04-23T08:32:24+00:00","dateModified":"2025-05-01T08:13:02+00:00","breadcrumb":{"@id":"https:\/\/www.brautmaedchen.at\/Brautmode\/das-bin-ich\/#breadcrumb"},"inLanguage":"de-AT","potentialAction":[{"@type":"ReadAction","target":["https:\/\/www.brautmaedchen.at\/Brautmode\/das-bin-ich\/"]}]},{"@type":"ImageObject","inLanguage":"de-AT","@id":"https:\/\/www.brautmaedchen.at\/Brautmode\/das-bin-ich\/#primaryimage","url":"https:\/\/brautmaedchen.at\/Brautmode\/wp-content\/uploads\/2025\/04\/DSC02858-scaled.jpg","contentUrl":"https:\/\/brautmaedchen.at\/Brautmode\/wp-content\/uploads\/2025\/04\/DSC02858-scaled.jpg"},{"@type":"BreadcrumbList","@id":"https:\/\/www.brautmaedchen.at\/Brautmode\/das-bin-ich\/#breadcrumb","itemListElement":[{"@type":"ListItem","position":1,"name":"Startseite","item":"https:\/\/www.brautmaedchen.at\/Brautmode\/"},{"@type":"ListItem","position":2,"name":"Das bin ich &#8230;"}]},{"@type":"WebSite","@id":"https:\/\/www.brautmaedchen.at\/Brautmode\/#website","url":"https:\/\/www.brautmaedchen.at\/Brautmode\/","name":"Brautmaedchen","description":"Hochzeitskleider, Brautkleider, Brautmode &amp; Hochzeitsplanung","publisher":{"@id":"https:\/\/www.brautmaedchen.at\/Brautmode\/#organization"},"potentialAction":[{"@type":"SearchAction","target":{"@type":"EntryPoint","urlTemplate":"https:\/\/www.brautmaedchen.at\/Brautmode\/?s={search_term_string}"},"query-input":{"@type":"PropertyValueSpecification","valueRequired":true,"valueName":"search_term_string"}}],"inLanguage":"de-AT"},{"@type":"Organization","@id":"https:\/\/www.brautmaedchen.at\/Brautmode\/#organization","name":"Brautmaedchen","url":"https:\/\/www.brautmaedchen.at\/Brautmode\/","logo":{"@type":"ImageObject","inLanguage":"de-AT","@id":"https:\/\/www.brautmaedchen.at\/Brautmode\/#\/schema\/logo\/image\/","url":"https:\/\/www.brautmaedchen.at\/Brautmode\/wp-content\/uploads\/2025\/04\/Logo_grau_neu_ohne_untertitel_vektor-scaled.png","contentUrl":"https:\/\/www.brautmaedchen.at\/Brautmode\/wp-content\/uploads\/2025\/04\/Logo_grau_neu_ohne_untertitel_vektor-scaled.png","width":2560,"height":591,"caption":"Brautmaedchen"},"image":{"@id":"https:\/\/www.brautmaedchen.at\/Brautmode\/#\/schema\/logo\/image\/"}}]}},"_links":{"self":[{"href":"https:\/\/www.brautmaedchen.at\/Brautmode\/wp-json\/wp\/v2\/pages\/12602","targetHints":{"allow":["GET"]}}],"collection":[{"href":"https:\/\/www.brautmaedchen.at\/Brautmode\/wp-json\/wp\/v2\/pages"}],"about":[{"href":"https:\/\/www.brautmaedchen.at\/Brautmode\/wp-json\/wp\/v2\/types\/page"}],"author":[{"embeddable":true,"href":"https:\/\/www.brautmaedchen.at\/Brautmode\/wp-json\/wp\/v2\/users\/1"}],"replies":[{"embeddable":true,"href":"https:\/\/www.brautmaedchen.at\/Brautmode\/wp-json\/wp\/v2\/comments?post=12602"}],"version-history":[{"count":10,"href":"https:\/\/www.brautmaedchen.at\/Brautmode\/wp-json\/wp\/v2\/pages\/12602\/revisions"}],"predecessor-version":[{"id":13381,"href":"https:\/\/www.brautmaedchen.at\/Brautmode\/wp-json\/wp\/v2\/pages\/12602\/revisions\/13381"}],"wp:attachment":[{"href":"https:\/\/www.brautmaedchen.at\/Brautmode\/wp-json\/wp\/v2\/media?parent=12602"}],"curies":[{"name":"wp","href":"https:\/\/api.w.org\/{rel}","templated":true}]}}